{"id":1915,"date":"2025-05-12T14:51:19","date_gmt":"2025-05-12T12:51:19","guid":{"rendered":"https:\/\/www.bettycenter.gwi.uni-muenchen.de\/?page_id=1915"},"modified":"2025-05-28T17:15:42","modified_gmt":"2025-05-28T15:15:42","slug":"kontakt","status":"publish","type":"page","link":"https:\/\/www.bettycenter.gwi.uni-muenchen.de\/en\/kontakt\/","title":{"rendered":"Contact"},"content":{"rendered":"<h2 class=\"wp-block-heading\">Contact<\/h2>\n\n\n\n<p>Prof. Dr. Mariama Diagne<br>Professur f\u00fcr Tanzwissenschaft und Performance <\/p>\n\n\n\n<p>Institut f\u00fcr Theaterwissenschaft<br>Department Kunstwissenschaften Ludwig-Maximilians-Universit\u00e4t M\u00fcnchen Georgenstra\u00dfe 11<br>80799 M\u00fcnchen<br>m.diagne@lmu.de<\/p>\n\n\n\n<p><\/p>","protected":false},"excerpt":{"rendered":"<p>Kontakt Prof. Dr. Mariama DiagneProfessur f\u00fcr Tanzwissenschaft und Performance Institut f\u00fcr TheaterwissenschaftDepartment Kunstwissenschaften Ludwig-Maximilians-Universit\u00e4t M\u00fcnchen Georgenstra\u00dfe 1180799 M\u00fcnchenm.diagne@lmu.de<\/p>","protected":false},"author":12,"featured_media":0,"parent":0,"menu_order":0,"comment_status":"closed","ping_status":"closed","template":"","meta":{"footnotes":""},"class_list":["post-1915","page","type-page","status-publish","hentry"],"blocksy_meta":[],"_links":{"self":[{"href":"https:\/\/www.bettycenter.gwi.uni-muenchen.de\/en\/wp-json\/wp\/v2\/pages\/1915","targetHints":{"allow":["GET"]}}],"collection":[{"href":"https:\/\/www.bettycenter.gwi.uni-muenchen.de\/en\/wp-json\/wp\/v2\/pages"}],"about":[{"href":"https:\/\/www.bettycenter.gwi.uni-muenchen.de\/en\/wp-json\/wp\/v2\/types\/page"}],"author":[{"embeddable":true,"href":"https:\/\/www.bettycenter.gwi.uni-muenchen.de\/en\/wp-json\/wp\/v2\/users\/12"}],"replies":[{"embeddable":true,"href":"https:\/\/www.bettycenter.gwi.uni-muenchen.de\/en\/wp-json\/wp\/v2\/comments?post=1915"}],"version-history":[{"count":4,"href":"https:\/\/www.bettycenter.gwi.uni-muenchen.de\/en\/wp-json\/wp\/v2\/pages\/1915\/revisions"}],"predecessor-version":[{"id":2835,"href":"https:\/\/www.bettycenter.gwi.uni-muenchen.de\/en\/wp-json\/wp\/v2\/pages\/1915\/revisions\/2835"}],"wp:attachment":[{"href":"https:\/\/www.bettycenter.gwi.uni-muenchen.de\/en\/wp-json\/wp\/v2\/media?parent=1915"}],"curies":[{"name":"wp","href":"https:\/\/api.w.org\/{rel}","templated":true}]}}